{"id":1618,"date":"2022-04-09T18:15:08","date_gmt":"2022-04-09T16:15:08","guid":{"rendered":"https:\/\/savetax.pl\/?page_id=1618"},"modified":"2022-04-26T13:21:28","modified_gmt":"2022-04-26T11:21:28","slug":"kontakt","status":"publish","type":"page","link":"https:\/\/savetax.pl\/ua\/kontakt\/","title":{"rendered":"\u041a\u043e\u043d\u0442\u0430\u043a\u0442"},"content":{"rendered":"<div data-colibri-id=\"1618-c1\" class=\"style-693 style-local-1618-c1 position-relative\">\n  <!---->\n  <div data-colibri-component=\"section\" data-colibri-id=\"1618-c2\" id=\"pricing\" class=\"h-section h-section-global-spacing d-flex align-items-lg-center align-items-md-center align-items-center style-694 style-local-1618-c2 position-relative\">\n    <!---->\n    <!---->\n    <div class=\"h-section-grid-container h-section-boxed-container\">\n      <div data-colibri-id=\"1618-c8\" class=\"h-row-container gutters-row-lg-2 gutters-row-md-2 gutters-row-2 gutters-row-v-lg-2 gutters-row-v-md-2 gutters-row-v-2 style-715 style-local-1618-c8 position-relative\">\n        <!---->\n        <div class=\"h-row justify-content-lg-center justify-content-md-center justify-content-center align-items-lg-stretch align-items-md-stretch align-items-stretch gutters-col-lg-2 gutters-col-md-2 gutters-col-2 gutters-col-v-lg-2 gutters-col-v-md-2 gutters-col-v-2\">\n          <!---->\n          <div class=\"h-column h-column-container d-flex h-col-lg-auto h-col-md-auto h-col-auto style-716-outer style-local-1618-c9-outer\">\n            <div data-colibri-id=\"1618-c9\" class=\"d-flex h-flex-basis h-column__inner h-px-lg-2 h-px-md-2 h-px-2 v-inner-lg-2 v-inner-md-2 v-inner-2 style-716 style-local-1618-c9 position-relative\">\n              <!---->\n              <!---->\n              <div class=\"w-100 h-y-container h-column__content h-column__v-align flex-basis-100 align-self-lg-start align-self-md-start align-self-start\">\n                <!---->\n                <div data-colibri-id=\"1618-c10\" class=\"h-global-transition-all h-heading style-717 style-local-1618-c10 position-relative h-element\">\n                  <!---->\n                  <div class=\"h-heading__outer style-717 style-local-1618-c10\">\n                    <!---->\n                    <!---->\n                    <h2 class=\"\">\u0423 \u0432\u0430\u0441 \u0454 \u044f\u043a\u0456-\u043d\u0435\u0431\u0443\u0434\u044c \u043f\u0438\u0442\u0430\u043d\u043d\u044f?<\/h2>\n                  <\/div>\n                <\/div>\n                <div data-colibri-id=\"1618-c11\" class=\"h-lead h-text h-text-component style-714 style-local-1618-c11 position-relative h-element\">\n                  <!---->\n                  <!---->\n                  <div class=\"\">\n                    <p>\u0417\u0432'\u044f\u0436\u0456\u0442\u044c\u0441\u044f \u0437 \u043d\u0430\u043c\u0438:<\/p>\n                  <\/div>\n                <\/div>\n                <div data-colibri-id=\"1618-c12\" class=\"h-x-container style-728 style-local-1618-c12 position-relative h-element\">\n                  <!---->\n                  <div class=\"h-x-container-inner style-dynamic-1618-c12-group style-728-spacing style-local-1618-c12-spacing\"><span class=\"h-button__outer style-729-outer style-local-1618-c13-outer d-inline-flex h-element\"><a h-use-smooth-scroll=\"true\" href=\"mailto:biuro@savetax.pl\"  data-colibri-id=\"1618-c13\" class=\"d-flex w-100 align-items-center h-button justify-content-lg-center justify-content-md-center justify-content-center style-729 style-local-1618-c13 position-relative\"><!----><span  class=\"h-svg-icon h-button__icon style-729-icon style-local-1618-c13-icon\"><!--Icon by Font Awesome (https:\/\/fontawesome.com)--><svg version=\"1.1\" xmlns=\"http:\/\/www.w3.org\/2000\/svg\" xmlns:xlink=\"http:\/\/www.w3.org\/1999\/xlink\" id=\"envelope-o\" viewbox=\"0 0 1792 1896.0833\"><path d=\"M1664 1504V736q-32 36-69 66-268 206-426 338-51 43-83 67t-86.5 48.5T897 1280h-2q-48 0-102.5-24.5T706 1207t-83-67q-158-132-426-338-37-30-69-66v768q0 13 9.5 22.5t22.5 9.5h1472q13 0 22.5-9.5t9.5-22.5zm0-1051v-24.5l-.5-13-3-12.5-5.5-9-9-7.5-14-2.5H160q-13 0-22.5 9.5T128 416q0 168 147 284 193 152 401 317 6 5 35 29.5t46 37.5 44.5 31.5T852 1143t43 9h2q20 0 43-9t50.5-27.5 44.5-31.5 46-37.5 35-29.5q208-165 401-317 54-43 100.5-115.5T1664 453zm128-37v1088q0 66-47 113t-113 47H160q-66 0-113-47T0 1504V416q0-66 47-113t113-47h1472q66 0 113 47t47 113z\"><\/path><\/svg><\/span>                    <span>biuro@savetax.pl<\/span><\/a>\n                    <\/span><span class=\"h-button__outer style-729-outer style-local-1618-c14-outer d-inline-flex h-element\"><a h-use-smooth-scroll=\"true\" href=\"tel:502000665\"  data-colibri-id=\"1618-c14\" class=\"d-flex w-100 align-items-center h-button justify-content-lg-center justify-content-md-center justify-content-center style-729 style-local-1618-c14 position-relative\"><!----><span  class=\"h-svg-icon h-button__icon style-729-icon style-local-1618-c14-icon\"><!--Icon by Ionicons (https:\/\/ionicons.com)--><svg version=\"1.1\" xmlns=\"http:\/\/www.w3.org\/2000\/svg\" xmlns:xlink=\"http:\/\/www.w3.org\/1999\/xlink\" id=\"android-call\" viewbox=\"0 0 384 512\"><path d=\"M363 331c12 0 21 9 21 21v75c0 12-9 21-21 21C162 448 0 286 0 85c0-12 9-21 21-21h75c12 0 21 9 21 21 0 27 4 52 13 77 2 7 0 16-5 21l-47 47c31 61 80 110 141 141l47-47c5-6 14-7 21-5 23 7 49 12 76 12z\"><\/path><\/svg><\/span>                    <span>502 000 665<\/span><\/a>\n                    <\/span>\n                  <\/div>\n                <\/div>\n              <\/div>\n            <\/div>\n          <\/div>\n        <\/div>\n      <\/div>\n      <div data-colibri-id=\"1618-c3\" class=\"h-row-container gutters-row-lg-2 gutters-row-md-2 gutters-row-0 gutters-row-v-lg-2 gutters-row-v-md-2 gutters-row-v-2 style-740 style-local-1618-c3 position-relative\">\n        <!---->\n        <div class=\"h-row justify-content-lg-center justify-content-md-center justify-content-center align-items-lg-stretch align-items-md-stretch align-items-stretch gutters-col-lg-2 gutters-col-md-2 gutters-col-0 gutters-col-v-lg-2 gutters-col-v-md-2 gutters-col-v-2\">\n          <!---->\n          <div class=\"h-column h-column-container d-flex h-col-lg-auto h-col-md-auto h-col-auto style-741-outer style-local-1618-c4-outer\">\n            <div data-colibri-id=\"1618-c4\" class=\"d-flex h-flex-basis h-column__inner h-px-lg-2 h-px-md-2 h-px-2 v-inner-lg-2 v-inner-md-2 v-inner-2 style-741 style-local-1618-c4 position-relative\">\n              <!---->\n              <!---->\n              <div class=\"w-100 h-y-container h-column__content h-column__v-align flex-basis-100 align-self-lg-start align-self-md-start align-self-start\">\n                <!---->\n                <div data-colibri-id=\"1618-c5\" class=\"d-block style-742 style-local-1618-c5 position-relative h-element\">\n                  <!---->\n                  <div class=\"h-image__frame-container-outer\">\n                    <div class=\"h-image__frame-container\">\n                      <!---->\n                      <!---->\n                      <img decoding=\"async\" src=\"https:\/\/savetax.pl\/wp-content\/uploads\/2022\/04\/logowojtek6-742x1024.png\" class=\"style-742-image style-local-1618-c5-image\">\n                      <div class=\"h-image__frame h-hide-lg h-hide-md h-hide-sm style-742-frameImage style-local-1618-c5-frameImage\"><\/div>\n                    <\/div>\n                  <\/div>\n                <\/div>\n              <\/div>\n            <\/div>\n          <\/div>\n          <div class=\"h-column h-column-container d-flex h-col-lg-auto h-col-md-auto h-col-auto style-743-outer style-local-1618-c6-outer\">\n            <div data-colibri-id=\"1618-c6\" class=\"d-flex h-flex-basis h-column__inner h-px-lg-2 h-px-md-2 h-px-2 v-inner-lg-2 v-inner-md-2 v-inner-2 style-743 style-local-1618-c6 position-relative\">\n              <!---->\n              <!---->\n              <div class=\"w-100 h-y-container h-column__content h-column__v-align flex-basis-100 align-self-lg-center align-self-md-center align-self-center\">\n                <!---->\n                <div data-colibri-id=\"1618-c7\" class=\"h-text h-text-component style-732 style-local-1618-c7 position-relative h-element\">\n                  <!---->\n                  <!---->\n                  <div class=\"\">\n                    <p><strong style=\"color: rgb(113, 114, 111);\">Save sp. z o. o.<\/strong><\/p>\n                    <p><span style=\"color: rgb(113, 114, 111);\">ul. Zab\u0142ocie 33<\/span><\/p>\n                    <p><span style=\"color: rgb(113, 114, 111);\">30-701 Krak\u00f3w<\/span><\/p>\n                    <p><span style=\"color: rgb(113, 114, 111);\">NIP 679 323 42 90<\/span><\/p>\n                  <\/div>\n                <\/div>\n              <\/div>\n            <\/div>\n          <\/div>\n        <\/div>\n      <\/div>\n    <\/div>\n  <\/div>\n  <div data-colibri-component=\"section\" data-colibri-id=\"1618-c15\" id=\"custom\" class=\"h-section h-section-global-spacing d-flex align-items-lg-center align-items-md-center align-items-center style-718 style-local-1618-c15 position-relative\">\n    <!---->\n    <!---->\n    <div class=\"h-section-grid-container h-section-boxed-container\">\n      <!---->\n      <div data-colibri-id=\"1618-c16\" class=\"h-row-container gutters-row-lg-2 gutters-row-md-2 gutters-row-0 gutters-row-v-lg-2 gutters-row-v-md-2 gutters-row-v-2 style-719 style-local-1618-c16 position-relative\">\n        <!---->\n        <div class=\"h-row justify-content-lg-center justify-content-md-center justify-content-center align-items-lg-stretch align-items-md-stretch align-items-stretch gutters-col-lg-2 gutters-col-md-2 gutters-col-0 gutters-col-v-lg-2 gutters-col-v-md-2 gutters-col-v-2\">\n          <!---->\n          <div class=\"h-column h-column-container d-flex h-col-lg-auto h-col-md-auto h-col-auto style-720-outer style-local-1618-c17-outer\">\n            <div data-colibri-id=\"1618-c17\" class=\"d-flex h-flex-basis h-column__inner h-ui-empty-state-container h-px-lg-2 h-px-md-2 h-px-2 v-inner-lg-2 v-inner-md-2 v-inner-2 style-720 style-local-1618-c17 position-relative\">\n              <!---->\n              <!---->\n              <div class=\"w-100 h-y-container h-column__content h-column__v-align flex-basis-100\">\n                <!---->\n              <\/div>\n            <\/div>\n          <\/div>\n        <\/div>\n      <\/div>\n    <\/div>\n  <\/div>\n<\/div>","protected":false},"excerpt":{"rendered":"<p>Masz jakies pytania? Skontaktuj si\u0119 z nami: biuro@savetax.pl 502 000 665 Save sp. z o. o. ul. Zab\u0142ocie 33 30-701 Krak\u00f3w NIP 679 323 42 90<\/p>","protected":false},"author":1,"featured_media":0,"parent":0,"menu_order":0,"comment_status":"closed","ping_status":"closed","template":"page-templates\/full-width-page.php","meta":{"footnotes":""},"class_list":["post-1618","page","type-page","status-publish","hentry"],"yoast_head":"<!-- This site is optimized with the Yoast SEO plugin v24.1 - https:\/\/yoast.com\/wordpress\/plugins\/seo\/ -->\n<title>Kontakt - Save Tax PL<\/title>\n<meta name=\"robots\" content=\"index, follow, max-snippet:-1, max-image-preview:large, max-video-preview:-1\" \/>\n<link rel=\"canonical\" href=\"https:\/\/savetax.pl\/ua\/kontakt\/\" \/>\n<meta property=\"og:locale\" content=\"uk_UA\" \/>\n<meta property=\"og:type\" content=\"article\" \/>\n<meta property=\"og:title\" content=\"Kontakt - Save Tax PL\" \/>\n<meta property=\"og:description\" content=\"Masz jakies pytania? Skontaktuj si\u0119 z nami: biuro@savetax.pl 502 000 665 Save sp. z o. o. ul. Zab\u0142ocie 33 30-701 Krak\u00f3w NIP 679 323 42 90\" \/>\n<meta property=\"og:url\" content=\"https:\/\/savetax.pl\/ua\/kontakt\/\" \/>\n<meta property=\"og:site_name\" content=\"Save Tax PL\" \/>\n<meta property=\"article:modified_time\" content=\"2022-04-26T11:21:28+00:00\" \/>\n<meta property=\"og:image\" content=\"https:\/\/savetax.pl\/wp-content\/uploads\/2022\/04\/logowojtek6-742x1024.png\" \/>\n<meta name=\"twitter:card\" content=\"summary_large_image\" \/>\n<script type=\"application\/ld+json\" class=\"yoast-schema-graph\">{\"@context\":\"https:\/\/schema.org\",\"@graph\":[{\"@type\":\"WebPage\",\"@id\":\"https:\/\/savetax.pl\/kontakt\/\",\"url\":\"https:\/\/savetax.pl\/kontakt\/\",\"name\":\"Kontakt - Save Tax PL\",\"isPartOf\":{\"@id\":\"https:\/\/savetax.pl\/#website\"},\"primaryImageOfPage\":{\"@id\":\"https:\/\/savetax.pl\/kontakt\/#primaryimage\"},\"image\":{\"@id\":\"https:\/\/savetax.pl\/kontakt\/#primaryimage\"},\"thumbnailUrl\":\"https:\/\/savetax.pl\/wp-content\/uploads\/2022\/04\/logowojtek6-742x1024.png\",\"datePublished\":\"2022-04-09T16:15:08+00:00\",\"dateModified\":\"2022-04-26T11:21:28+00:00\",\"breadcrumb\":{\"@id\":\"https:\/\/savetax.pl\/kontakt\/#breadcrumb\"},\"inLanguage\":\"uk\",\"potentialAction\":[{\"@type\":\"ReadAction\",\"target\":[\"https:\/\/savetax.pl\/kontakt\/\"]}]},{\"@type\":\"ImageObject\",\"inLanguage\":\"uk\",\"@id\":\"https:\/\/savetax.pl\/kontakt\/#primaryimage\",\"url\":\"https:\/\/savetax.pl\/wp-content\/uploads\/2022\/04\/logowojtek6-742x1024.png\",\"contentUrl\":\"https:\/\/savetax.pl\/wp-content\/uploads\/2022\/04\/logowojtek6-742x1024.png\"},{\"@type\":\"BreadcrumbList\",\"@id\":\"https:\/\/savetax.pl\/kontakt\/#breadcrumb\",\"itemListElement\":[{\"@type\":\"ListItem\",\"position\":1,\"name\":\"Strona g\u0142\u00f3wna\",\"item\":\"https:\/\/savetax.pl\/\"},{\"@type\":\"ListItem\",\"position\":2,\"name\":\"Kontakt\"}]},{\"@type\":\"WebSite\",\"@id\":\"https:\/\/savetax.pl\/#website\",\"url\":\"https:\/\/savetax.pl\/\",\"name\":\"Save Tax PL\",\"description\":\"Kolejna witryna oparta na WordPressie\",\"publisher\":{\"@id\":\"https:\/\/savetax.pl\/#organization\"},\"potentialAction\":[{\"@type\":\"SearchAction\",\"target\":{\"@type\":\"EntryPoint\",\"urlTemplate\":\"https:\/\/savetax.pl\/?s={search_term_string}\"},\"query-input\":{\"@type\":\"PropertyValueSpecification\",\"valueRequired\":true,\"valueName\":\"search_term_string\"}}],\"inLanguage\":\"uk\"},{\"@type\":\"Organization\",\"@id\":\"https:\/\/savetax.pl\/#organization\",\"name\":\"Save Tax sp z o.o.\",\"url\":\"https:\/\/savetax.pl\/\",\"logo\":{\"@type\":\"ImageObject\",\"inLanguage\":\"uk\",\"@id\":\"https:\/\/savetax.pl\/#\/schema\/logo\/image\/\",\"url\":\"https:\/\/savetax.pl\/wp-content\/uploads\/2022\/04\/cropped-logowojtek6.png\",\"contentUrl\":\"https:\/\/savetax.pl\/wp-content\/uploads\/2022\/04\/cropped-logowojtek6.png\",\"width\":512,\"height\":512,\"caption\":\"Save Tax sp z o.o.\"},\"image\":{\"@id\":\"https:\/\/savetax.pl\/#\/schema\/logo\/image\/\"}}]}<\/script>\n<!-- \/ Yoast SEO plugin. -->","yoast_head_json":{"title":"Kontakt - Save Tax PL","robots":{"index":"index","follow":"follow","max-snippet":"max-snippet:-1","max-image-preview":"max-image-preview:large","max-video-preview":"max-video-preview:-1"},"canonical":"https:\/\/savetax.pl\/ua\/kontakt\/","og_locale":"uk_UA","og_type":"article","og_title":"Kontakt - Save Tax PL","og_description":"Masz jakies pytania? Skontaktuj si\u0119 z nami: biuro@savetax.pl 502 000 665 Save sp. z o. o. ul. Zab\u0142ocie 33 30-701 Krak\u00f3w NIP 679 323 42 90","og_url":"https:\/\/savetax.pl\/ua\/kontakt\/","og_site_name":"Save Tax PL","article_modified_time":"2022-04-26T11:21:28+00:00","og_image":[{"url":"https:\/\/savetax.pl\/wp-content\/uploads\/2022\/04\/logowojtek6-742x1024.png","type":"","width":"","height":""}],"twitter_card":"summary_large_image","schema":{"@context":"https:\/\/schema.org","@graph":[{"@type":"WebPage","@id":"https:\/\/savetax.pl\/kontakt\/","url":"https:\/\/savetax.pl\/kontakt\/","name":"Kontakt - Save Tax PL","isPartOf":{"@id":"https:\/\/savetax.pl\/#website"},"primaryImageOfPage":{"@id":"https:\/\/savetax.pl\/kontakt\/#primaryimage"},"image":{"@id":"https:\/\/savetax.pl\/kontakt\/#primaryimage"},"thumbnailUrl":"https:\/\/savetax.pl\/wp-content\/uploads\/2022\/04\/logowojtek6-742x1024.png","datePublished":"2022-04-09T16:15:08+00:00","dateModified":"2022-04-26T11:21:28+00:00","breadcrumb":{"@id":"https:\/\/savetax.pl\/kontakt\/#breadcrumb"},"inLanguage":"uk","potentialAction":[{"@type":"ReadAction","target":["https:\/\/savetax.pl\/kontakt\/"]}]},{"@type":"ImageObject","inLanguage":"uk","@id":"https:\/\/savetax.pl\/kontakt\/#primaryimage","url":"https:\/\/savetax.pl\/wp-content\/uploads\/2022\/04\/logowojtek6-742x1024.png","contentUrl":"https:\/\/savetax.pl\/wp-content\/uploads\/2022\/04\/logowojtek6-742x1024.png"},{"@type":"BreadcrumbList","@id":"https:\/\/savetax.pl\/kontakt\/#breadcrumb","itemListElement":[{"@type":"ListItem","position":1,"name":"Strona g\u0142\u00f3wna","item":"https:\/\/savetax.pl\/"},{"@type":"ListItem","position":2,"name":"Kontakt"}]},{"@type":"WebSite","@id":"https:\/\/savetax.pl\/#website","url":"https:\/\/savetax.pl\/","name":"Save Tax PL","description":"Kolejna witryna oparta na WordPressie","publisher":{"@id":"https:\/\/savetax.pl\/#organization"},"potentialAction":[{"@type":"SearchAction","target":{"@type":"EntryPoint","urlTemplate":"https:\/\/savetax.pl\/?s={search_term_string}"},"query-input":{"@type":"PropertyValueSpecification","valueRequired":true,"valueName":"search_term_string"}}],"inLanguage":"uk"},{"@type":"Organization","@id":"https:\/\/savetax.pl\/#organization","name":"Save Tax sp z o.o.","url":"https:\/\/savetax.pl\/","logo":{"@type":"ImageObject","inLanguage":"uk","@id":"https:\/\/savetax.pl\/#\/schema\/logo\/image\/","url":"https:\/\/savetax.pl\/wp-content\/uploads\/2022\/04\/cropped-logowojtek6.png","contentUrl":"https:\/\/savetax.pl\/wp-content\/uploads\/2022\/04\/cropped-logowojtek6.png","width":512,"height":512,"caption":"Save Tax sp z o.o."},"image":{"@id":"https:\/\/savetax.pl\/#\/schema\/logo\/image\/"}}]}},"_links":{"self":[{"href":"https:\/\/savetax.pl\/ua\/wp-json\/wp\/v2\/pages\/1618","targetHints":{"allow":["GET"]}}],"collection":[{"href":"https:\/\/savetax.pl\/ua\/wp-json\/wp\/v2\/pages"}],"about":[{"href":"https:\/\/savetax.pl\/ua\/wp-json\/wp\/v2\/types\/page"}],"author":[{"embeddable":true,"href":"https:\/\/savetax.pl\/ua\/wp-json\/wp\/v2\/users\/1"}],"replies":[{"embeddable":true,"href":"https:\/\/savetax.pl\/ua\/wp-json\/wp\/v2\/comments?post=1618"}],"version-history":[{"count":11,"href":"https:\/\/savetax.pl\/ua\/wp-json\/wp\/v2\/pages\/1618\/revisions"}],"predecessor-version":[{"id":1955,"href":"https:\/\/savetax.pl\/ua\/wp-json\/wp\/v2\/pages\/1618\/revisions\/1955"}],"wp:attachment":[{"href":"https:\/\/savetax.pl\/ua\/wp-json\/wp\/v2\/media?parent=1618"}],"curies":[{"name":"wp","href":"https:\/\/api.w.org\/{rel}","templated":true}]}}